{"id":4635,"date":"2017-03-14T10:53:33","date_gmt":"2017-03-14T10:53:33","guid":{"rendered":"http:\/\/vino.elated-themes.com\/?page_id=4635"},"modified":"2022-02-05T15:19:28","modified_gmt":"2022-02-05T15:19:28","slug":"main-home","status":"publish","type":"page","link":"https:\/\/fratresgd.com\/","title":{"rendered":"Main Home"},"content":{"rendered":"<p>[vc_row row_content_width=&#8220;grid&#8220; css=&#8220;.vc_custom_1489661241046{padding-top: 120px !important;padding-bottom: 0px !important;}&#8220;][vc_column][vc_row_inner][vc_column_inner offset=&#8220;vc_col-lg-3 vc_col-md-4&#8243;][vc_column_text]<\/p>\n<h3>Zwei Br\u00fcder, eine gro\u00dfe Leidenschaft<\/h3>\n<p>[\/vc_column_text][vc_empty_space height=&#8220;18px&#8220;][\/vc_column_inner][vc_column_inner offset=&#8220;vc_col-lg-9 vc_col-md-8&#8243; css=&#8220;.vc_custom_1489661199322{padding-bottom: 140px !important;}&#8220;][vc_empty_space height=&#8220;15px&#8220;][vc_column_text]Giuseppe und Daniele, zwei BR\u00dcDER, eine gro\u00dfe LEIDENSCHAFT!<\/p>\n<p>Unsere Produkte sollen die Menschen dazu verleiten, gemeinsam Zeit zu verbringen und f\u00fcr sch\u00f6ne neue Momente im Leben sorgen: Ob an einem sch\u00f6nen Sommerabend auf der Terrasse mit einem fruchtig leichten Wei\u00dfwein in der Hand und einer leckeren Antipasti-Platte von gemeinsam erlebten Erinnerungen schwelgen oder einem romantischen Abend zu zweit mit leckerer Pasta und einem fruchtig aromatischen Rotwein. Gemeinsam erleben ist unser Motto![\/vc_column_text][\/vc_column_inner][\/vc_row_inner][vc_separator][\/vc_column][\/vc_row][vc_row row_content_width=&#8220;grid&#8220; content_text_aligment=&#8220;center&#8220; css=&#8220;.vc_custom_1489661365603{padding-top: 150px !important;padding-bottom: 100px !important;}&#8220;][vc_column css=&#8220;.vc_custom_1489652759587{padding-right: 0px !important;padding-left: 0px !important;}&#8220;]<div class=\"eltdf-section-title-holder\" >\n\t\t\t<h2 class=\"eltdf-st-title\" >\n\t\t\t<span>Unsere Geschichte<\/span>\n\t\t<\/h2>\n                    <div class=\"eltdf-st-separator clearfix\">\n                <div class=\"eltdf-separator\" ><\/div>\n            <\/div>\n        \t\t\t\t<h4 class=\"eltdf-st-subtitle\" >\n\t\t<span>Ein Ursprung, Eine lange Reise, Eine Leidenschaft, Eine IDENTIFIKATION!<\/span>\n\t\t<\/h4>\n\t\t<\/div>[vc_empty_space height=&#8220;90px&#8220;]<div class=\"eltdf-elements-holder eltdf-responsive-mode-768\" ><div class=\"eltdf-eh-item \" data-item-class=\"eltdf-eh-custom-398957\" data-1280-1600=\"0% 4%\" data-1024-1280=\"0% 4%\" data-768-1024=\"0% 0%\" data-600-768=\"0% 0%\" data-480-600=\"0% 0%\" data-480=\"0% 0%\" >\n\t<div class=\"eltdf-eh-item-inner\" >\n\t\t<div class=\"eltdf-eh-item-content eltdf-eh-custom-398957\" style=\"padding: 0% 4%\">\n\t\t\t<div class=\"eltdf-workflow eltdf-workflow-animate\">\n    <div class=\"eltdf-workflow-item eltdf-workflow-item-narrow_image\">\n    <div class=\"eltdf-workflow-item-inner\">\n        <div class=\"eltdf-workflow-text-left\">\n                            <h6 class=\"eltdf-wfi-subtitle\">Auswahl des Weinguts<\/h6>\n                        <span class=\"circle\"><\/span>\n                            <h3 class=\"eltdf-wfi-title\">2019<\/h3>\n                                        <p class=\"text\">Bereits im Jahr 2019 haben wir uns auf die Suche nach einem der besten Weing\u00fcter in unserer Heimat Kalabrien gemacht.<\/p>\n                    <\/div>\n        <div class=\"eltdf-workflow-image\">\n            <img loading=\"lazy\" decoding=\"async\" width=\"92\" height=\"131\" src=\"https:\/\/fratresgd.com\/wp-content\/uploads\/2017\/03\/h1-workflow-2.png\" class=\"attachment-full size-full\" alt=\"a\" \/>        <\/div>\n        <div class=\"eltdf-workflow-text-right\">\n            <span class=\"circle\"><\/span>\n                            <h6 class=\"eltdf-wfi-subtitle\">Erste Weinproben<\/h6>\n                                        <h3 class=\"eltdf-wfi-title\">2020<\/h3>\n                                        <p class=\"text\">Ende 2020 haben wir drei Weing\u00fcter selektiert und vor Ort die Gegebenheiten gepr\u00fcft sowie erste Weinproben durchgef\u00fchrt.<\/p>\n                    <\/div>\n    <\/div>\n<\/div><div class=\"eltdf-workflow-item eltdf-workflow-item-narrow_image\">\n    <div class=\"eltdf-workflow-item-inner\">\n        <div class=\"eltdf-workflow-text-left\">\n                            <h6 class=\"eltdf-wfi-subtitle\">Qualit\u00e4tspr\u00fcfung<\/h6>\n                        <span class=\"circle\"><\/span>\n                            <h3 class=\"eltdf-wfi-title\">2021<\/h3>\n                                        <p class=\"text\">Erster Geschmacktstest sowie \u00dcberpr\u00fcfung im Labor der Weine aus der letzten Weinernte Ende Oktober 2020<\/p>\n                    <\/div>\n        <div class=\"eltdf-workflow-image\">\n            <img loading=\"lazy\" decoding=\"async\" width=\"63\" height=\"247\" src=\"https:\/\/fratresgd.com\/wp-content\/uploads\/2017\/03\/h1-workflow-3.png\" class=\"attachment-full size-full\" alt=\"a\" \/>        <\/div>\n        <div class=\"eltdf-workflow-text-right\">\n            <span class=\"circle\"><\/span>\n                            <h6 class=\"eltdf-wfi-subtitle\">Produktion<\/h6>\n                                        <h3 class=\"eltdf-wfi-title\">2021<\/h3>\n                                        <p class=\"text\">Nachdem wir die zuvor ausgew\u00e4hlten Weinproben erneut im Geschmack feinjustiert haben, gehen unsere erste Weine Ende April 2021 in die Produktion.<\/p>\n                    <\/div>\n    <\/div>\n<\/div><\/div>\t\t<\/div>\n\t<\/div>\n\t<\/div><\/div>[\/vc_column][\/vc_row][vc_row content_text_aligment=&#8220;center&#8220;][vc_column][vc_row_inner row_content_width=&#8220;grid&#8220;][vc_column_inner][vc_separator][\/vc_column_inner][\/vc_row_inner]<div class=\"eltdf-elements-holder eltdf-responsive-mode-768\" ><div class=\"eltdf-eh-item \" data-item-class=\"eltdf-eh-custom-923006\" data-1280-1600=\"12% 0%\" data-1024-1280=\"12% 0%\" data-768-1024=\"12% 0%\" data-600-768=\"11% 0%\" data-480-600=\"11% 0%\" data-480=\"11% 0%\" >\n\t<div class=\"eltdf-eh-item-inner\" style=\"background-image: url(https:\/\/fratresgd.com\/wp-content\/uploads\/2021\/06\/DJI_0004-1-scaled-blackwhite.jpg);background-size: cover\">\n\t\t<div class=\"eltdf-eh-item-content eltdf-eh-custom-923006\" style=\"padding: 13% 0%\">\n\t\t\t[vc_empty_space height=&#8220;50px&#8220;]\t\t<\/div>\n\t<\/div>\n\t<\/div><\/div><div class=\"eltdf-elements-holder eltdf-responsive-mode-768\" ><div class=\"eltdf-eh-item eltdf-horizontal-alignment-center\" data-item-class=\"eltdf-eh-custom-391629\" data-1280-1600=\"1% 34% 26%\" data-1024-1280=\"9% 30% 50%\" data-768-1024=\"10% 22% 63%\" data-600-768=\"10% 21% 83%\" data-480-600=\"10% 9% 200%\" data-480=\"10% 9% 200%\" >\n\t<div class=\"eltdf-eh-item-inner\" style=\"background-image: url(https:\/\/fratresgd.com\/wp-content\/uploads\/2017\/03\/h1-img-5-1.jpg);background-size: cover\">\n\t\t<div class=\"eltdf-eh-item-content eltdf-eh-custom-391629\" style=\"padding: 4.5% 37% 30%\">\n\t\t\t<div class=\"eltdf-section-title-holder\" >\n\t\t\t<h2 class=\"eltdf-st-title\" >\n\t\t\t<span>Unsere Geschichte<\/span>\n\t\t<\/h2>\n                    <div class=\"eltdf-st-separator clearfix\">\n                <div class=\"eltdf-separator\" ><\/div>\n            <\/div>\n        \t\t\t<\/div>[vc_column_text]<span style=\"color: #000000;\">Vor circa f\u00fcnfzehn Jahren sind wir gemeinsam mit unserer Familie von Italien nach Deutschland ausgewandert, um mit den deutschen Perspektiven, eine bessere Zukunft zu haben. Seitdem haben wir bereits viel erreicht: Ich, Giuseppe, 32 Jahre alt, f\u00fchre als Friseurmeister seit fast 6 Jahren meinen eigenen Friseursalon in Pforzheim. Ich, Daniele, 24 Jahre alt, habe zwei abgeschlossene Ausbildungen im Bereich Logistik und zudem erfolgreich ein Bachelorstudium im Bereich BWL-Logistik absolviert und bin seitdem in diesem Bereich t\u00e4tig.<\/span><\/p>\n<p><span style=\"color: #000000;\">Trotz diesen bereits erreichten Erfolgen fehlt uns Br\u00fcdern noch immer Etwas! Etwas, womit wir uns identifizieren k\u00f6nnen. Etwas, das uns noch weiter zusammenschwei\u00dft und letztendlich Etwas, das uns selbst und auch anderen Menschen eine gro\u00dfe Freude macht\u2026<\/span><\/p>\n<p><span style=\"color: #000000;\">F\u00fcr dieses gemeinsame Projekt k\u00f6nnte kein Begriff besser passen als das lateinische Wort f\u00fcr \u201eBruderschaft\u201c, n\u00e4mlich \u201eFRATRES\u201c. Das Logo von unserer Marke FRATRES ist ein Lorbeerkranz, der schon in der Vergangenheit als verbindendes Element zwischen Leistung und Erfolg verwendet wurde. Dies symbolisiert unsere oben genannte Gemeinsamkeit f\u00fcr eine erfolgreiche Zukunft. F\u00fcr diese Zukunft m\u00f6chten wir zur\u00fcck zu unserem Ursprung, unseren Wurzeln. Daf\u00fcr m\u00f6chten wir gemeinsam unsere Herkunft nach Deutschland bringen, um auch in unserer neuen Heimat ein St\u00fcck ITALIEN und \u201eLA BELLA VITA\u201c zu erleben.<\/span>[\/vc_column_text]\t\t<\/div>\n\t<\/div>\n\t<\/div><\/div>[\/vc_column][\/vc_row][vc_row row_content_width=&#8220;grid&#8220; content_text_aligment=&#8220;center&#8220; css=&#8220;.vc_custom_1489665642999{padding-top: 150px !important;padding-bottom: 100px !important;}&#8220;][vc_column width=&#8220;1\/2&#8243; offset=&#8220;vc_col-lg-3 vc_col-md-3&#8243;]    <span class=\"eltdf-icon-shortcode eltdf-normal\"  data-color=\"#b1af6a\">\n                    <i class=\"eltd-icon-linear-icon lnr lnr-sun eltdf-icon-element\" style=\"color: #b1af6a;font-size:32px\" ><\/i>            <\/span>\n[vc_empty_space]<div class=\"eltdf-counter-holder\">\n\t<div class=\"eltdf-counter-inner\">\n\t\t\t\t\t<span class=\"eltdf-counter eltdf-zero-counter\" >2568<\/span>\n\t\t\t\t\t\t\t<h6 class=\"eltdf-counter-title\" style=\"color: #b1af6a\">\n\t\t\t\tSonnenstunden\t\t\t<\/h6>\n\t\t\t\t\t<\/div>\n<\/div>[vc_empty_space height=&#8220;50px&#8220;][\/vc_column][vc_column width=&#8220;1\/2&#8243; offset=&#8220;vc_col-lg-3 vc_col-md-3&#8243;]    <span class=\"eltdf-icon-shortcode eltdf-normal\"  data-color=\"#b1af6a\">\n                    <i class=\"eltd-icon-linear-icon lnr lnr-star eltdf-icon-element\" style=\"color: #b1af6a;font-size:32px\" ><\/i>            <\/span>\n[vc_empty_space]<div class=\"eltdf-counter-holder\">\n\t<div class=\"eltdf-counter-inner\">\n\t\t\t\t\t<span class=\"eltdf-counter eltdf-zero-counter\" >2000<\/span>\n\t\t\t\t\t\t\t<h6 class=\"eltdf-counter-title\" style=\"color: #b1af6a\">\n\t\t\t\tFlaschenanzahl der ersten Produktion\t\t\t<\/h6>\n\t\t\t\t\t<\/div>\n<\/div>[vc_empty_space height=&#8220;50px&#8220;][\/vc_column][vc_column width=&#8220;1\/2&#8243; offset=&#8220;vc_col-lg-3 vc_col-md-3&#8243;]    <span class=\"eltdf-icon-shortcode eltdf-normal\"  data-color=\"#b1af6a\">\n                    <i class=\"eltd-icon-linear-icon lnr lnr-heart eltdf-icon-element\" style=\"color: #b1af6a;font-size:32px\" ><\/i>            <\/span>\n[vc_empty_space]<div class=\"eltdf-counter-holder\">\n\t<div class=\"eltdf-counter-inner\">\n\t\t\t\t\t<span class=\"eltdf-counter eltdf-zero-counter\" >3<\/span>\n\t\t\t\t\t\t\t<h6 class=\"eltdf-counter-title\" style=\"color: #b1af6a\">\n\t\t\t\tInitiale Wein Sorten\t\t\t<\/h6>\n\t\t\t\t\t<\/div>\n<\/div>[vc_empty_space height=&#8220;50px&#8220;][\/vc_column][vc_column width=&#8220;1\/2&#8243; offset=&#8220;vc_col-lg-3 vc_col-md-3&#8243;]    <span class=\"eltdf-icon-shortcode eltdf-normal\"  data-color=\"#b1af6a\">\n                    <i class=\"eltd-icon-linear-icon lnr lnr-leaf eltdf-icon-element\" style=\"color: #b1af6a;font-size:32px\" ><\/i>            <\/span>\n[vc_empty_space]<div class=\"eltdf-counter-holder\">\n\t<div class=\"eltdf-counter-inner\">\n\t\t\t\t\t<span class=\"eltdf-counter eltdf-zero-counter\" >2167<\/span>\n\t\t\t\t\t\t\t<h6 class=\"eltdf-counter-title\" style=\"color: #b1af6a\">\n\t\t\t\tWeinreben\t\t\t<\/h6>\n\t\t\t\t\t<\/div>\n<\/div>[vc_empty_space height=&#8220;50px&#8220;][\/vc_column][\/vc_row][vc_row row_content_width=&#8220;grid&#8220; css=&#8220;.vc_custom_1489670857645{padding-bottom: 150px !important;}&#8220;][vc_column][vc_separator][vc_row_inner][vc_column_inner offset=&#8220;vc_col-lg-3 vc_col-md-4&#8243;][vc_empty_space height=&#8220;95px&#8220;]<div class=\"eltdf-parallax-image\" style=\"height: 422px\">\n\t<img decoding=\"async\" src=\"https:\/\/fratresgd.com\/wp-content\/uploads\/2021\/09\/1.png\" alt=\"1\" \/>\n<\/div>[\/vc_column_inner][vc_column_inner offset=&#8220;vc_col-lg-9 vc_col-md-8&#8243;]<div class=\"eltdf-elements-holder eltdf-responsive-mode-768\" ><div class=\"eltdf-eh-item \" data-item-class=\"eltdf-eh-custom-640812\" data-1024-1280=\"129px 15% 150px 0px\" data-768-1024=\"137px 10% 150px 0px\" data-600-768=\"50px 6% 150px 0px\" data-480-600=\"50px 0% 150px 0px\" data-480=\"50px 0% 150px 0px\" >\n\t<div class=\"eltdf-eh-item-inner\" >\n\t\t<div class=\"eltdf-eh-item-content eltdf-eh-custom-640812\" style=\"padding: 129px 22% 150px 0px\">\n\t\t\t[vc_column_text]<\/p>\n<h6>2019<\/h6>\n<p>[\/vc_column_text][vc_column_text css=&#8220;.vc_custom_1623060080928{margin-top: -24px !important;}&#8220;]<\/p>\n<h3>Vino Rosso (Rotwein)<\/h3>\n<p>[\/vc_column_text][vc_column_text css=&#8220;.vc_custom_1623060291208{margin-top: -5px !important;}&#8220;]BARONI CAPOANO\u201c &#8211; I.G.P. CALABRIA ROSSO &#8211; JAHRGANG 2019[\/vc_column_text][vc_empty_space height=&#8220;27px&#8220;]<a itemprop=\"url\" href=\"https:\/\/fratresgd.com\/?product=baroni-capoano-2\" target=\"_self\"  class=\"eltdf-btn eltdf-btn-medium eltdf-btn-outline eltdf-btn-custom-hover-bg eltdf-btn-custom-border-hover eltdf-btn-custom-hover-color\" data-hover-color=\"#737272\" data-hover-bg-color=\"rgba(255,255,255,0.01)\" data-hover-border-color=\"#737272\" >\n    <span class=\"eltdf-btn-text\">Mehr<\/span>\n    <\/a>\t\t<\/div>\n\t<\/div>\n\t<\/div><\/div>[\/vc_column_inner][\/vc_row_inner][vc_separator][vc_row_inner][vc_column_inner offset=&#8220;vc_col-lg-9 vc_col-md-8&#8243;]<div class=\"eltdf-elements-holder eltdf-responsive-mode-768\" ><div class=\"eltdf-eh-item eltdf-horizontal-alignment-right\" data-item-class=\"eltdf-eh-custom-787526\" data-1024-1280=\"129px 0% 150px 15%\" data-768-1024=\"129px 0% 150px 10%\" data-600-768=\"150px 0% 0px 6%\" data-480-600=\"150px 0% 0px 0px\" data-480=\"150px 0% 0px 0px\" >\n\t<div class=\"eltdf-eh-item-inner\" >\n\t\t<div class=\"eltdf-eh-item-content eltdf-eh-custom-787526\" style=\"padding: 129px 0% 150px 22%\">\n\t\t\t[vc_column_text]<\/p>\n<h6>2019<\/h6>\n<p>[\/vc_column_text][vc_column_text css=&#8220;.vc_custom_1623060153456{margin-top: -24px !important;}&#8220;]<\/p>\n<h3>Vino Bianco (Wei\u00dfwein)<\/h3>\n<p>[\/vc_column_text][vc_column_text css=&#8220;.vc_custom_1623060300446{margin-top: -5px !important;}&#8220;]BARONI CAPOANO\u201c &#8211; CIRO&#8216; BIANCO D.O.P. &#8211; JAHRGANG 2019[\/vc_column_text][vc_empty_space height=&#8220;27px&#8220;]<a itemprop=\"url\" href=\"https:\/\/fratresgd.com\/?product=baroni-capoano\" target=\"_self\"  class=\"eltdf-btn eltdf-btn-medium eltdf-btn-outline eltdf-btn-custom-hover-bg eltdf-btn-custom-border-hover eltdf-btn-custom-hover-color\" data-hover-color=\"#737272\" data-hover-bg-color=\"rgba(255,255,255,0.01)\" data-hover-border-color=\"#737272\" >\n    <span class=\"eltdf-btn-text\">Mehr<\/span>\n    <\/a>\t\t<\/div>\n\t<\/div>\n\t<\/div><\/div>[\/vc_column_inner][vc_column_inner offset=&#8220;vc_col-lg-3 vc_col-md-4&#8243;]<div class=\"eltdf-elements-holder eltdf-responsive-mode-768\" ><div class=\"eltdf-eh-item eltdf-horizontal-alignment-center\" data-item-class=\"eltdf-eh-custom-580721\" data-1280-1600=\"106px 0px 0px 0px\" data-1024-1280=\"106px 0px 0px 0px\" data-768-1024=\"88px 0px 0px 0px\" data-600-768=\"10px 0px 150px 0px\" data-480-600=\"96px 0px 150px 0px\" data-480=\"96px 0px 150px 0px\" >\n\t<div class=\"eltdf-eh-item-inner\" >\n\t\t<div class=\"eltdf-eh-item-content eltdf-eh-custom-580721\" style=\"padding: 106px 0px 0px 0px\">\n\t\t\t<div class=\"eltdf-parallax-image\" style=\"height: 422px\">\n\t<img decoding=\"async\" src=\"https:\/\/fratresgd.com\/wp-content\/uploads\/2021\/09\/5.png\" alt=\"5\" \/>\n<\/div>\t\t<\/div>\n\t<\/div>\n\t<\/div><\/div>[\/vc_column_inner][\/vc_row_inner][vc_separator][\/vc_column][\/vc_row][vc_row row_content_width=&#8220;grid&#8220; css=&#8220;.vc_custom_1489670857645{padding-bottom: 150px !important;}&#8220;][vc_column][vc_separator][vc_row_inner][vc_column_inner offset=&#8220;vc_col-lg-3 vc_col-md-4&#8243;][vc_empty_space height=&#8220;95px&#8220;]<div class=\"eltdf-parallax-image\" style=\"height: 422px\">\n\t<img decoding=\"async\" src=\"https:\/\/fratresgd.com\/wp-content\/uploads\/2021\/09\/3.png\" alt=\"3\" \/>\n<\/div>[\/vc_column_inner][vc_column_inner offset=&#8220;vc_col-lg-9 vc_col-md-8&#8243;]<div class=\"eltdf-elements-holder eltdf-responsive-mode-768\" ><div class=\"eltdf-eh-item \" data-item-class=\"eltdf-eh-custom-263571\" data-1024-1280=\"129px 15% 150px 0px\" data-768-1024=\"137px 10% 150px 0px\" data-600-768=\"50px 6% 150px 0px\" data-480-600=\"50px 0% 150px 0px\" data-480=\"50px 0% 150px 0px\" >\n\t<div class=\"eltdf-eh-item-inner\" >\n\t\t<div class=\"eltdf-eh-item-content eltdf-eh-custom-263571\" style=\"padding: 129px 22% 150px 0px\">\n\t\t\t[vc_column_text]<\/p>\n<h6>2020<\/h6>\n<p>[\/vc_column_text][vc_column_text css=&#8220;.vc_custom_1623060231914{margin-top: -24px !important;}&#8220;]<\/p>\n<h3>Vino Bianco (Wei\u00dfwein)<\/h3>\n<p>[\/vc_column_text][vc_column_text css=&#8220;.vc_custom_1623060257488{margin-top: -5px !important;}&#8220;]BARONI CAPOANO\u201c &#8211; CIRO&#8216; BIANCO D.O.P. &#8211; JAHRGANG 2020[\/vc_column_text][vc_empty_space height=&#8220;27px&#8220;]<a itemprop=\"url\" href=\"https:\/\/fratresgd.com\/?product=baroni-capoano-3\" target=\"_self\"  class=\"eltdf-btn eltdf-btn-medium eltdf-btn-outline eltdf-btn-custom-hover-bg eltdf-btn-custom-border-hover eltdf-btn-custom-hover-color\" data-hover-color=\"#737272\" data-hover-bg-color=\"rgba(255,255,255,0.01)\" data-hover-border-color=\"#737272\" >\n    <span class=\"eltdf-btn-text\">Mehr<\/span>\n    <\/a>\t\t<\/div>\n\t<\/div>\n\t<\/div><\/div>[\/vc_column_inner][\/vc_row_inner][vc_separator][\/vc_column][\/vc_row][vc_row row_content_width=&#8220;grid&#8220; content_text_aligment=&#8220;center&#8220; css=&#8220;.vc_custom_1489678880204{padding-top: 0px !important;padding-bottom: 100px !important;}&#8220;][vc_column css=&#8220;.vc_custom_1489652759587{padding-right: 0px !important;padding-left: 0px !important;}&#8220;]<div class=\"eltdf-section-title-holder\" >\n\t\t\t<h2 class=\"eltdf-st-title\" >\n\t\t\t<span>Unser Team<\/span>\n\t\t<\/h2>\n                    <div class=\"eltdf-st-separator clearfix\">\n                <div class=\"eltdf-separator\" ><\/div>\n            <\/div>\n        \t\t\t<\/div>[vc_empty_space height=&#8220;40px&#8220;][vc_row_inner content_text_aligment=&#8220;center&#8220;][vc_column_inner width=&#8220;1\/4&#8243; offset=&#8220;vc_col-lg-3 vc_col-md-6&#8243;][\/vc_column_inner][vc_column_inner width=&#8220;1\/4&#8243; offset=&#8220;vc_col-lg-3 vc_col-md-6&#8243;]<div class=\"eltdf-team-holder  eltdf-main-info-below-image\">\n\t<div class=\"eltdf-team-inner\">\n\t\t\t\t\t<div class=\"eltdf-team-image\">\n                <img loading=\"lazy\" decoding=\"async\" width=\"1707\" height=\"2560\" src=\"https:\/\/fratresgd.com\/wp-content\/uploads\/2022\/01\/Fratres104von512-scaled.jpg\" class=\"attachment-full size-full\" alt=\"\" srcset=\"https:\/\/fratresgd.com\/wp-content\/uploads\/2022\/01\/Fratres104von512-scaled.jpg 1707w, https:\/\/fratresgd.com\/wp-content\/uploads\/2022\/01\/Fratres104von512-scaled-600x900.jpg 600w, https:\/\/fratresgd.com\/wp-content\/uploads\/2022\/01\/Fratres104von512-200x300.jpg 200w, https:\/\/fratresgd.com\/wp-content\/uploads\/2022\/01\/Fratres104von512-683x1024.jpg 683w, https:\/\/fratresgd.com\/wp-content\/uploads\/2022\/01\/Fratres104von512-768x1152.jpg 768w, https:\/\/fratresgd.com\/wp-content\/uploads\/2022\/01\/Fratres104von512-1024x1536.jpg 1024w, https:\/\/fratresgd.com\/wp-content\/uploads\/2022\/01\/Fratres104von512-1365x2048.jpg 1365w\" sizes=\"auto, (max-width: 1707px) 100vw, 1707px\" \/>\t\t\t<\/div>\n\t\t\t\t<div class=\"eltdf-team-info\">\n\t\t\t\t\t\t\t<h5 class=\"eltdf-team-name\" >Giuseppe Barletta<\/h5>\n\t\t\t\t\t\t\t\t\t\t<h6 class=\"eltdf-team-position\" style=\"color: #b1af6a\">Inhaber<\/h6>\n\t\t\t\t\t\t\t\t\t\t\t<\/div>\n\t<\/div>\n<\/div>[vc_empty_space height=&#8220;40px&#8220;][\/vc_column_inner][vc_column_inner width=&#8220;1\/4&#8243;]<div class=\"eltdf-team-holder  eltdf-main-info-below-image\">\n\t<div class=\"eltdf-team-inner\">\n\t\t\t\t\t<div class=\"eltdf-team-image\">\n                <img loading=\"lazy\" decoding=\"async\" width=\"1707\" height=\"2560\" src=\"https:\/\/fratresgd.com\/wp-content\/uploads\/2022\/01\/Fratres79von512-scaled.jpg\" class=\"attachment-full size-full\" alt=\"\" srcset=\"https:\/\/fratresgd.com\/wp-content\/uploads\/2022\/01\/Fratres79von512-scaled.jpg 1707w, https:\/\/fratresgd.com\/wp-content\/uploads\/2022\/01\/Fratres79von512-scaled-600x900.jpg 600w, https:\/\/fratresgd.com\/wp-content\/uploads\/2022\/01\/Fratres79von512-200x300.jpg 200w, https:\/\/fratresgd.com\/wp-content\/uploads\/2022\/01\/Fratres79von512-683x1024.jpg 683w, https:\/\/fratresgd.com\/wp-content\/uploads\/2022\/01\/Fratres79von512-768x1152.jpg 768w, https:\/\/fratresgd.com\/wp-content\/uploads\/2022\/01\/Fratres79von512-1024x1536.jpg 1024w, https:\/\/fratresgd.com\/wp-content\/uploads\/2022\/01\/Fratres79von512-1365x2048.jpg 1365w\" sizes=\"auto, (max-width: 1707px) 100vw, 1707px\" \/>\t\t\t<\/div>\n\t\t\t\t<div class=\"eltdf-team-info\">\n\t\t\t\t\t\t\t<h5 class=\"eltdf-team-name\" >Daniele Barletta<\/h5>\n\t\t\t\t\t\t\t\t\t\t<h6 class=\"eltdf-team-position\" style=\"color: #b1af6a\">Inhaber<\/h6>\n\t\t\t\t\t\t\t\t\t\t\t<\/div>\n\t<\/div>\n<\/div>[vc_empty_space height=&#8220;40px&#8220;][\/vc_column_inner][vc_column_inner width=&#8220;1\/4&#8243;][\/vc_column_inner][\/vc_row_inner][\/vc_column][\/vc_row]<\/p>\n","protected":false},"excerpt":{"rendered":"<p>[vc_row row_content_width=&#8220;grid&#8220; css=&#8220;.vc_custom_1489661241046{padding-top: 120px !important;padding-bottom: 0px !important;}&#8220;][vc_column][vc_row_inner][vc_column_inner offset=&#8220;vc_col-lg-3 vc_col-md-4&#8243;][vc_column_text] Zwei Br\u00fcder, eine gro\u00dfe Leidenschaft [\/vc_column_text][vc_empty_space height=&#8220;18px&#8220;][\/vc_column_inner][vc_column_inner offset=&#8220;vc_col-lg-9 vc_col-md-8&#8243; css=&#8220;.vc_custom_1489661199322{padding-bottom: 140px !important;}&#8220;][vc_empty_space height=&#8220;15px&#8220;][vc_column_text]Giuseppe und Daniele, zwei BR\u00dcDER, eine gro\u00dfe LEIDENSCHAFT! Unsere Produkte sollen die Menschen dazu verleiten, gemeinsam Zeit zu verbringen und f\u00fcr sch\u00f6ne neue Momente [&hellip;]<\/p>\n","protected":false},"author":1,"featured_media":0,"parent":0,"menu_order":0,"comment_status":"closed","ping_status":"closed","template":"full-width.php","meta":{"footnotes":""},"class_list":["post-4635","page","type-page","status-publish","hentry"],"_links":{"self":[{"href":"https:\/\/fratresgd.com\/index.php?rest_route=\/wp\/v2\/pages\/4635","targetHints":{"allow":["GET"]}}],"collection":[{"href":"https:\/\/fratresgd.com\/index.php?rest_route=\/wp\/v2\/pages"}],"about":[{"href":"https:\/\/fratresgd.com\/index.php?rest_route=\/wp\/v2\/types\/page"}],"author":[{"embeddable":true,"href":"https:\/\/fratresgd.com\/index.php?rest_route=\/wp\/v2\/users\/1"}],"replies":[{"embeddable":true,"href":"https:\/\/fratresgd.com\/index.php?rest_route=%2Fwp%2Fv2%2Fcomments&post=4635"}],"version-history":[{"count":29,"href":"https:\/\/fratresgd.com\/index.php?rest_route=\/wp\/v2\/pages\/4635\/revisions"}],"predecessor-version":[{"id":11086,"href":"https:\/\/fratresgd.com\/index.php?rest_route=\/wp\/v2\/pages\/4635\/revisions\/11086"}],"wp:attachment":[{"href":"https:\/\/fratresgd.com\/index.php?rest_route=%2Fwp%2Fv2%2Fmedia&parent=4635"}],"curies":[{"name":"wp","href":"https:\/\/api.w.org\/{rel}","templated":true}]}}