{"id":6869,"date":"2017-03-23T08:13:20","date_gmt":"2017-03-23T08:13:20","guid":{"rendered":"http:\/\/vino.elated-themes.com\/?page_id=6869"},"modified":"2021-06-15T14:17:32","modified_gmt":"2021-06-15T14:17:32","slug":"impressum","status":"publish","type":"page","link":"https:\/\/fratresgd.com\/?page_id=6869","title":{"rendered":"Impressum"},"content":{"rendered":"<p>[vc_row row_content_width=&#8220;grid&#8220; css=&#8220;.vc_custom_1491831764066{padding-top: 80px !important;background-color: #ffffff !important;}&#8220;][vc_column offset=&#8220;vc_col-md-12&#8243;][vc_row_inner row_content_width=&#8220;grid&#8220;][vc_column_inner offset=&#8220;vc_col-lg-9 vc_col-md-8&#8243;][vc_column_text]<strong>Angaben gem\u00e4\u00df \u00a7 5 TMG<\/strong><\/p>\n<p>Fratres GD GbR<br \/>\nGiuseppe Barletta &amp; Daniele Barletta<br \/>\nChristophallee 22A<br \/>\n75177 Pforzheim<\/p>\n<p><strong>Kontakt<\/strong><\/p>\n<p>Telefon: +49 176 303 10002<\/p>\n<p>E-Mail: info@fratresgd.com<\/p>\n<p><strong>Verantwortlich f\u00fcr den Inhalt nach \u00a7 18 Abs. 2 MStV<\/strong><\/p>\n<p>Giuseppe Barletta &amp; Daniele Barletta<br \/>\nChristophallee 22A<br \/>\n75177 Pforzheim<\/p>\n<p><strong>Streitschlichtung<\/strong><\/p>\n<p>Die Europ\u00e4ische Kommission stellt eine Plattform zur Online-Streitbeilegung (OS) bereit: https:\/\/ec.europa.eu\/consumers\/odr. Unsere E-Mail-Adresse finden Sie oben im Impressum. Wir sind nicht bereit oder verpflichtet, an Streitbeilegungsverfahren vor einer Verbraucherschlichtungsstelle teilzunehmen.<\/p>\n<p><strong>Haftung f\u00fcr Inhalte<\/strong><\/p>\n<p>Als Diensteanbieter sind wir gem\u00e4\u00df \u00a7 7 Abs.1 TMG f\u00fcr eigene Inhalte auf diesen Seiten nach den allgemeinen Gesetzen verantwortlich. Nach \u00a7\u00a7 8 bis 10 TMG sind wir als Diensteanbieter jedoch nicht verpflichtet, \u00fcbermittelte oder gespeicherte fremde Informationen zu \u00fcberwachen oder nach Umst\u00e4nden zu forschen, die auf eine rechtswidrige T\u00e4tigkeit hinweisen.<\/p>\n<p>Verpflichtungen zur Entfernung oder Sperrung der Nutzung von Informationen nach den allgemeinen Gesetzen bleiben hiervon unber\u00fchrt. Eine diesbez\u00fcgliche Haftung ist jedoch erst ab dem Zeitpunkt der Kenntnis einer konkreten Rechtsverletzung m\u00f6glich. Bei Bekanntwerden von entsprechenden Rechtsverletzungen werden wir diese Inhalte umgehend entfernen.[\/vc_column_text][vc_empty_space height=&#8220;140px&#8220;][\/vc_column_inner][\/vc_row_inner][vc_separator][\/vc_column][\/vc_row]<\/p>\n","protected":false},"excerpt":{"rendered":"<p>[vc_row row_content_width=&#8220;grid&#8220; css=&#8220;.vc_custom_1491831764066{padding-top: 80px !important;background-color: #ffffff !important;}&#8220;][vc_column offset=&#8220;vc_col-md-12&#8243;][vc_row_inner row_content_width=&#8220;grid&#8220;][vc_column_inner offset=&#8220;vc_col-lg-9 vc_col-md-8&#8243;][vc_column_text]Angaben gem\u00e4\u00df \u00a7 5 TMG Fratres GD GbR Giuseppe Barletta &amp; Daniele Barletta Christophallee 22A 75177 Pforzheim Kontakt Telefon: +49 176 303 10002 E-Mail: info@fratresgd.com Verantwortlich f\u00fcr den Inhalt nach \u00a7 18 Abs. 2 MStV [&hellip;]<\/p>\n","protected":false},"author":1,"featured_media":0,"parent":0,"menu_order":0,"comment_status":"closed","ping_status":"closed","template":"full-width.php","meta":{"footnotes":""},"class_list":["post-6869","page","type-page","status-publish","hentry"],"_links":{"self":[{"href":"https:\/\/fratresgd.com\/index.php?rest_route=\/wp\/v2\/pages\/6869","targetHints":{"allow":["GET"]}}],"collection":[{"href":"https:\/\/fratresgd.com\/index.php?rest_route=\/wp\/v2\/pages"}],"about":[{"href":"https:\/\/fratresgd.com\/index.php?rest_route=\/wp\/v2\/types\/page"}],"author":[{"embeddable":true,"href":"https:\/\/fratresgd.com\/index.php?rest_route=\/wp\/v2\/users\/1"}],"replies":[{"embeddable":true,"href":"https:\/\/fratresgd.com\/index.php?rest_route=%2Fwp%2Fv2%2Fcomments&post=6869"}],"version-history":[{"count":6,"href":"https:\/\/fratresgd.com\/index.php?rest_route=\/wp\/v2\/pages\/6869\/revisions"}],"predecessor-version":[{"id":10921,"href":"https:\/\/fratresgd.com\/index.php?rest_route=\/wp\/v2\/pages\/6869\/revisions\/10921"}],"wp:attachment":[{"href":"https:\/\/fratresgd.com\/index.php?rest_route=%2Fwp%2Fv2%2Fmedia&parent=6869"}],"curies":[{"name":"wp","href":"https:\/\/api.w.org\/{rel}","templated":true}]}}