{"id":7075,"date":"2017-03-23T11:30:54","date_gmt":"2017-03-23T11:30:54","guid":{"rendered":"http:\/\/vino.elated-themes.com\/?page_id=7075"},"modified":"2022-01-03T10:31:34","modified_gmt":"2022-01-03T10:31:34","slug":"ueberuns","status":"publish","type":"page","link":"https:\/\/fratresgd.com\/?page_id=7075","title":{"rendered":"\u00dcber uns"},"content":{"rendered":"<p>[vc_row css=&#8220;.vc_custom_1492069466896{padding-top: 150px !important;padding-bottom: 150px !important;}&#8220;][vc_column]<div class=\"eltdf-elements-holder eltdf-responsive-mode-768\" ><div class=\"eltdf-eh-item eltdf-horizontal-alignment-center\" data-item-class=\"eltdf-eh-custom-712189\" data-1280-1600=\"0 30% 0 30%\" data-1024-1280=\"0 27% 0 27%\" data-768-1024=\"0 15% 0 15%\" data-600-768=\"0 7% 0 7%\" data-480=\"0 5% 0 5%\" >\n\t<div class=\"eltdf-eh-item-inner\" >\n\t\t<div class=\"eltdf-eh-item-content eltdf-eh-custom-712189\" style=\"padding: 0 32% 0 32%\">\n\t\t\t<div class=\"eltdf-section-title-holder\" >\n\t\t\t<h2 class=\"eltdf-st-title\" >\n\t\t\t<span>Unsere Geschichte<\/span>\n\t\t<\/h2>\n                    <div class=\"eltdf-st-separator clearfix\">\n                <div class=\"eltdf-separator\" ><\/div>\n            <\/div>\n        \t\t\t<\/div>[vc_column_text]Giuseppe und Daniele, zwei BR\u00dcDER, eine LEIDENSCHAFT!<\/p>\n<p>Vor circa f\u00fcnfzehn Jahren sind wir gemeinsam mit unserer Familie von Italien nach Deutschland ausgewandert, um mit den deutschen Perspektiven, eine bessere Zukunft zu haben. Seitdem haben wir bereits viel erreicht: Ich, Giuseppe, 32 Jahre alt, f\u00fchre als Friseurmeister seit fast 6 Jahren meinen eigenen Friseursalon in Pforzheim. Ich, Daniele, 24 Jahre alt, habe zwei abgeschlossene Ausbildungen im Bereich Logistik und zudem erfolgreich ein Bachelorstudium im Bereich BWL-Logistik absolviert und bin seitdem in diesem Bereich t\u00e4tig.<\/p>\n<p>Trotz diesen bereits erreichten Erfolgen fehlt uns Br\u00fcdern noch immer Etwas! Etwas, womit wir uns identifizieren k\u00f6nnen. Etwas, das uns noch weiter zusammenschwei\u00dft und letztendlich Etwas, das uns selbst und auch anderen Menschen eine gro\u00dfe Freude macht\u2026<\/p>\n<p>F\u00fcr dieses gemeinsame Projekt k\u00f6nnte kein Begriff besser passen als das lateinische Wort f\u00fcr \u201eBruderschaft\u201c, n\u00e4mlich \u201eFRATRES\u201c. Das Logo von unserer Marke FRATRES ist ein Lorbeerkranz, der schon in der Vergangenheit als verbindendes Element zwischen Leistung und Erfolg verwendet wurde. Dies symbolisiert unsere oben genannte Gemeinsamkeit f\u00fcr eine erfolgreiche Zukunft. F\u00fcr diese Zukunft m\u00f6chten wir zur\u00fcck zu unserem Ursprung, unseren Wurzeln. Daf\u00fcr m\u00f6chten wir gemeinsam unsere Herkunft nach Deutschland bringen, um auch in unserer neuen Heimat ein St\u00fcck ITALIEN und \u201eLA BELLA VITA\u201c zu erleben.<\/p>\n<p>Unsere Produkte sollen die Menschen dazu verleiten, gemeinsam Zeit zu verbringen und f\u00fcr sch\u00f6ne neue Momente im Leben sorgen: Ob an einem sch\u00f6nen Sommerabend auf der Terrasse mit einem fruchtig leichten Wei\u00dfwein in der Hand und einer leckeren Antipasti-Platte von gemeinsam erlebten Erinnerungen schwelgen oder einem romantischen Abend zu zweit mit leckerer Pasta und einem fruchtig aromatischen Rotwein. Gemeinsam erleben ist unser Motto![\/vc_column_text][vc_empty_space height=&#8220;60px&#8220;][vc_gallery type=&#8220;image_grid&#8220; images=&#8220;10979,10978&#8243; img_size=&#8220;250&#215;450&#8243; onclick=&#8220;&#8220;][vc_empty_space height=&#8220;150px&#8220;]\t\t<\/div>\n\t<\/div>\n\t<\/div><\/div>[vc_separator][vc_single_image image=&#8220;7287&#8243; img_size=&#8220;full&#8220; alignment=&#8220;center&#8220; css=&#8220;.vc_custom_1490972834054{margin-top: -10px !important;}&#8220;][\/vc_column][\/vc_row]<\/p>\n","protected":false},"excerpt":{"rendered":"<p>[vc_row css=&#8220;.vc_custom_1492069466896{padding-top: 150px !important;padding-bottom: 150px !important;}&#8220;][vc_column][vc_separator][vc_single_image image=&#8220;7287&#8243; img_size=&#8220;full&#8220; alignment=&#8220;center&#8220; css=&#8220;.vc_custom_1490972834054{margin-top: -10px !important;}&#8220;][\/vc_column][\/vc_row]<\/p>\n","protected":false},"author":1,"featured_media":0,"parent":0,"menu_order":0,"comment_status":"closed","ping_status":"closed","template":"","meta":{"footnotes":""},"class_list":["post-7075","page","type-page","status-publish","hentry"],"_links":{"self":[{"href":"https:\/\/fratresgd.com\/index.php?rest_route=\/wp\/v2\/pages\/7075","targetHints":{"allow":["GET"]}}],"collection":[{"href":"https:\/\/fratresgd.com\/index.php?rest_route=\/wp\/v2\/pages"}],"about":[{"href":"https:\/\/fratresgd.com\/index.php?rest_route=\/wp\/v2\/types\/page"}],"author":[{"embeddable":true,"href":"https:\/\/fratresgd.com\/index.php?rest_route=\/wp\/v2\/users\/1"}],"replies":[{"embeddable":true,"href":"https:\/\/fratresgd.com\/index.php?rest_route=%2Fwp%2Fv2%2Fcomments&post=7075"}],"version-history":[{"count":6,"href":"https:\/\/fratresgd.com\/index.php?rest_route=\/wp\/v2\/pages\/7075\/revisions"}],"predecessor-version":[{"id":11016,"href":"https:\/\/fratresgd.com\/index.php?rest_route=\/wp\/v2\/pages\/7075\/revisions\/11016"}],"wp:attachment":[{"href":"https:\/\/fratresgd.com\/index.php?rest_route=%2Fwp%2Fv2%2Fmedia&parent=7075"}],"curies":[{"name":"wp","href":"https:\/\/api.w.org\/{rel}","templated":true}]}}