{"id":11104,"date":"2022-05-28T18:26:38","date_gmt":"2022-05-28T18:26:38","guid":{"rendered":"https:\/\/fratresgd.com\/?post_type=product&#038;p=11104"},"modified":"2022-06-03T00:06:58","modified_gmt":"2022-06-03T00:06:58","slug":"pate-di-olive-nere","status":"publish","type":"product","link":"https:\/\/fratresgd.com\/?product=pate-di-olive-nere","title":{"rendered":"Pat\u00e8 di Olive Nere"},"content":{"rendered":"<p>Zutaten: Schwarze Oliven zu 95% entkernt<br \/>\n(80,6%), Natives Oliven\u00f6l Extras 11%),<br \/>\nKnoblauch, WEINESSIG, Meersal Oregano<br \/>\nS\u00e4uerungsmittel: Zitronens\u00e4ur\u00e8<br \/>\nEnthaltene Allergenen: SULFUR DIOXIDE<br \/>\nUND SULFITE. KANN SPUREN VON<br \/>\nOLIVENKERNEN ENTHALTEN.<br \/>\nNach dem \u00d6ffnen im K\u00fchlschrank lagern<br \/>\nund innerhalb von 10 Tagen aufbrauchen.<br \/>\nHinweis: Oliven \u00f6l dazugeben, sodass<br \/>\nder Inhalt vollst\u00e4ndig damit bedeckt ist.<\/p>\n","protected":false},"excerpt":{"rendered":"<p>Pat\u00e8 mit schwarzen Oliven &#8211; Made in Calabria<\/p>\n","protected":false},"featured_media":11127,"comment_status":"open","ping_status":"closed","template":"","meta":[],"product_brand":[],"product_cat":[54],"product_tag":[],"class_list":{"0":"post-11104","1":"product","2":"type-product","3":"status-publish","4":"has-post-thumbnail","6":"product_cat-spread","8":"first","9":"instock","10":"shipping-taxable","11":"product-type-simple"},"_links":{"self":[{"href":"https:\/\/fratresgd.com\/index.php?rest_route=\/wp\/v2\/product\/11104","targetHints":{"allow":["GET"]}}],"collection":[{"href":"https:\/\/fratresgd.com\/index.php?rest_route=\/wp\/v2\/product"}],"about":[{"href":"https:\/\/fratresgd.com\/index.php?rest_route=\/wp\/v2\/types\/product"}],"replies":[{"embeddable":true,"href":"https:\/\/fratresgd.com\/index.php?rest_route=%2Fwp%2Fv2%2Fcomments&post=11104"}],"wp:featuredmedia":[{"embeddable":true,"href":"https:\/\/fratresgd.com\/index.php?rest_route=\/wp\/v2\/media\/11127"}],"wp:attachment":[{"href":"https:\/\/fratresgd.com\/index.php?rest_route=%2Fwp%2Fv2%2Fmedia&parent=11104"}],"wp:term":[{"taxonomy":"product_brand","embeddable":true,"href":"https:\/\/fratresgd.com\/index.php?rest_route=%2Fwp%2Fv2%2Fproduct_brand&post=11104"},{"taxonomy":"product_cat","embeddable":true,"href":"https:\/\/fratresgd.com\/index.php?rest_route=%2Fwp%2Fv2%2Fproduct_cat&post=11104"},{"taxonomy":"product_tag","embeddable":true,"href":"https:\/\/fratresgd.com\/index.php?rest_route=%2Fwp%2Fv2%2Fproduct_tag&post=11104"}],"curies":[{"name":"wp","href":"https:\/\/api.w.org\/{rel}","templated":true}]}}